{"id":58532,"date":"2025-09-08T14:30:39","date_gmt":"2025-09-08T12:30:39","guid":{"rendered":"https:\/\/forstreiter-consulting.com\/?page_id=58532"},"modified":"2026-01-30T13:29:01","modified_gmt":"2026-01-30T12:29:01","slug":"miniworkshops-impulsvortaege","status":"publish","type":"page","link":"https:\/\/forstreiter-consulting.com\/en\/miniworkshops-impulsvortaege\/","title":{"rendered":"Mini workshops\/pulse lectures"},"content":{"rendered":"<h1>Miniworkshops &#8211; Impulsvortr\u00e4ge<\/h1>\n<div>\n<p>Als Workshop oder Impulsvortrag. <br \/><span class=\"uk-text-primary\">Vorort<\/span> in Ihrem Unternehmen.<\/p>\n<p>Dauer von 90 Minuten bis zu 3 Stunden.<\/p>\n<\/div>\n<p><img decoding=\"async\" src=\"\/wp-content\/uploads\/background-square-01.png\" alt=\"\"><br \/>\n<img decoding=\"async\" src=\"\/wp-content\/uploads\/background-square-02.png\" alt=\"\"><br \/>\n<img decoding=\"async\" src=\"\/wp-content\/uploads\/background-square-03.png\" alt=\"\"><br \/>\n<img decoding=\"async\" src=\"\/wp-content\/uploads\/background-square-04.png\" alt=\"\"><br \/>\n<img decoding=\"async\" src=\"\/wp-content\/uploads\/background-square-05.png\" alt=\"\"><\/p>\n<ul>\n<li>\n<p>        <img decoding=\"async\" src=\"\/wp-content\/uploads\/2025\/09\/Feedback-als-Schluessel.jpg\" alt=\"\"><\/p>\n<h2>Feedback als Schlu\u0308ssel<\/h2>\n<\/li>\n<li>\n<p>        <img decoding=\"async\" src=\"\/wp-content\/uploads\/2025\/09\/Schwierige-Gespraeche-fuehren.jpg\" alt=\"\"><\/p>\n<h2>Schwierige Gespra\u0308che fu\u0308hren<\/h2>\n<\/li>\n<li>\n<p>        <img decoding=\"async\" src=\"\/wp-content\/uploads\/2025\/09\/Moderationstools.jpg\" alt=\"\"><\/p>\n<h2>Moderationstools<\/h2>\n<\/li>\n<li>\n<p>        <img decoding=\"async\" src=\"\/wp-content\/uploads\/2025\/09\/Veraenderung-mit-Leichtigkeit.jpg\" alt=\"\"><\/p>\n<h2>Vera\u0308nderung mit Leichtigkeit<\/h2>\n<\/li>\n<li>\n<p>        <img decoding=\"async\" src=\"\/wp-content\/uploads\/2025\/09\/Konfliktmoderation.jpg\" alt=\"\"><\/p>\n<h2>Konfliktmoderation<\/h2>\n<\/li>\n<li>\n<p>        <img decoding=\"async\" src=\"\/wp-content\/uploads\/2025\/09\/Konfliktmoderation-FK.jpg\" alt=\"\"><\/p>\n<h2>Konfliktmoderation FK<\/h2>\n<\/li>\n<li>\n<p>        <img decoding=\"async\" src=\"\/wp-content\/uploads\/2025\/09\/Wandel-Gestalten.jpg\" alt=\"\"><\/p>\n<h2>Wandel Gestalten<\/h2>\n<\/li>\n<li>\n<p>        <img decoding=\"async\" src=\"\/wp-content\/uploads\/2025\/09\/Icebreaker.jpg\" alt=\"\"><\/p>\n<h2>Icebreaker<\/h2>\n<\/li>\n<li>\n<p>        <img decoding=\"async\" src=\"\/wp-content\/uploads\/2025\/09\/Veraenderung-na-und.jpg\" alt=\"\"><\/p>\n<h2>Vera\u0308nderung na und<\/h2>\n<\/li>\n<li>\n<p>        <img decoding=\"async\" src=\"\/wp-content\/uploads\/2025\/09\/Business-Media-Coaching.jpg\" alt=\"\"><\/p>\n<h2>Business Media Coaching<\/h2>\n<\/li>\n<li>\n<p>        <img decoding=\"async\" src=\"\/wp-content\/uploads\/2025\/09\/Moderation-von-Veranstaltungen.jpg\" alt=\"\"><\/p>\n<h2>Moderation von Veranstaltungen<\/h2>\n<\/li>\n<li>\n<p>        <img decoding=\"async\" src=\"\/wp-content\/uploads\/2025\/09\/Wandel-Gestalten-1.jpg\" alt=\"\"><\/p>\n<h2>Wandel Gestalten &#8211; 1<\/h2>\n<\/li>\n<li>\n<p>        <img decoding=\"async\" src=\"\/wp-content\/uploads\/2025\/09\/Wandel-Gestalten-2.jpg\" alt=\"\"><\/p>\n<h2>Wandel Gestalten-2<\/h2>\n<\/li>\n<li>\n<p>        <img decoding=\"async\" src=\"\/wp-content\/uploads\/2025\/09\/Wandel-Gestalten-3.jpg\" alt=\"\"><\/p>\n<h2>Wandel Gestalten-3<\/h2>\n<\/li>\n<li>\n<p>        <img decoding=\"async\" src=\"\/wp-content\/uploads\/2025\/09\/Widerstand-zur-Wirksamkeit.jpg\" alt=\"\"><\/p>\n<h2>Widerstand zur Wirksamkeit<\/h2>\n<\/li>\n<li>\n<p>        <img decoding=\"async\" src=\"\/wp-content\/uploads\/2025\/09\/CCC-Video.jpg\" alt=\"\"><\/p>\n<h2>CCC Video<\/h2>\n<\/li>\n<li>\n<p>        <img decoding=\"async\" src=\"\/wp-content\/uploads\/2026\/01\/2026-Neuro-Leadership-fuer-Lehrlinge-QR.jpg\" alt=\"\"><\/p>\n<h2>Neuro-Leadership f\u00fcr Lehrlinge<\/h2>\n<\/li>\n<li>\n<p>        <img decoding=\"async\" src=\"\/wp-content\/uploads\/2026\/01\/2026-Skill-Lab-fuer-Lehrlinge-QR.jpg\" alt=\"\"><\/p>\n<h2>Skill-Lab f\u00fcr Lehrlinge<\/h2>\n<\/li>\n<\/ul>\n<hr>\n<div>\n<h3>Wenn\u00b4s mal <span class=\"uk-text-primary\">mehr sein<\/span> darf ?<\/h3>\n<p><a href=\"\/was-wir-fuer-sie-tun\/\">Bitte hier klicken<\/a><\/p>\n<\/div>\n<p><!--more--><br \/>\n<!-- {\"type\":\"layout\",\"children\":[{\"type\":\"section\",\"props\":{\"animation\":\"slide-bottom-medium\",\"animation_delay\":\"100\",\"header_transparent\":true,\"header_transparent_text_color\":\"dark\",\"image_position\":\"center-center\",\"padding_bottom\":\"none\",\"padding_top\":\"large\",\"style\":\"default\",\"title_breakpoint\":\"xl\",\"title_position\":\"top-left\",\"title_rotation\":\"left\",\"vertical_align\":\"\",\"width\":\"small\"},\"children\":[{\"type\":\"row\",\"children\":[{\"type\":\"column\",\"props\":{\"image_position\":\"center-center\",\"position_sticky_breakpoint\":\"m\"},\"children\":[{\"type\":\"headline\",\"props\":{\"block_align\":\"center\",\"content\":\"Miniworkshops - Impulsvortr\u00e4ge\",\"image_align\":\"left\",\"image_margin\":\"xsmall\",\"position\":\"relative\",\"position_z_index\":\"3\",\"text_align\":\"center\",\"title_element\":\"h1\",\"title_style\":\"heading-medium\"}},{\"type\":\"text\",\"props\":{\"block_align\":\"center\",\"column_breakpoint\":\"m\",\"content\":\"\n\n<p>Als Workshop oder Impulsvortrag. <br \/><span class=\\\"uk-text-primary\\\">Vorort<\/span> in Ihrem Unternehmen.<\/p>\n\n\\n\n\n<p>Dauer von 90 Minuten bis zu 3 Stunden.<\/p>\n\n\",\"margin_bottom\":\"default\",\"margin_top\":\"default\",\"maxwidth\":\"xlarge\",\"position\":\"relative\",\"position_z_index\":\"3\",\"text_align\":\"center\",\"text_style\":\"lead\"}},{\"type\":\"button\",\"props\":{\"button_size\":\"large\",\"css\":\"@media (max-width: 639px) {\\n    .el-item a {min-width: 203px;}\\n}\",\"grid_column_gap\":\"small\",\"grid_row_gap\":\"small\",\"margin_bottom\":\"medium\",\"margin_top\":\"medium\",\"position\":\"relative\",\"position_z_index\":\"3\",\"status\":\"disabled\",\"text_align\":\"center\"},\"children\":[{\"type\":\"button_item\",\"props\":{\"button_style\":\"primary\",\"content\":\"Sign up for Free\",\"dialog_layout\":\"modal\",\"dialog_offcanvas_flip\":true,\"icon_align\":\"left\",\"link\":\"#\"}},{\"type\":\"button_item\",\"props\":{\"button_style\":\"default\",\"content\":\"Learn More\",\"dialog_layout\":\"modal\",\"dialog_offcanvas_flip\":true,\"icon_align\":\"left\",\"link\":\"#\"}}]},{\"type\":\"image\",\"props\":{\"image\":\"wp-content\/uploads\/background-square-01.png\",\"image_loading\":true,\"image_svg_color\":\"emphasis\",\"image_width\":\"600\",\"margin_bottom\":\"default\",\"margin_top\":\"default\",\"position\":\"absolute\",\"position_left\":\"-20vw\",\"position_top\":\"22vh\",\"position_z_index\":\"0\",\"visibility\":\"xl\"}},{\"type\":\"image\",\"props\":{\"image\":\"wp-content\/uploads\/background-square-02.png\",\"image_loading\":true,\"image_svg_color\":\"emphasis\",\"image_width\":\"1100\",\"margin_bottom\":\"default\",\"margin_top\":\"default\",\"position\":\"absolute\",\"position_left\":\"-47vw\",\"position_top\":\"-30vh\",\"position_z_index\":\"0\",\"visibility\":\"m\"}},{\"type\":\"image\",\"props\":{\"image\":\"wp-content\/uploads\/background-square-03.png\",\"image_loading\":true,\"image_svg_color\":\"emphasis\",\"image_width\":\"700\",\"margin_bottom\":\"default\",\"margin_top\":\"default\",\"position\":\"absolute\",\"position_left\":\"39vw\",\"position_top\":\"15vh\",\"position_z_index\":\"0\",\"visibility\":\"xl\"}},{\"type\":\"image\",\"props\":{\"image\":\"wp-content\/uploads\/background-square-04.png\",\"image_loading\":true,\"image_svg_color\":\"emphasis\",\"image_width\":\"950\",\"margin_bottom\":\"default\",\"margin_top\":\"default\",\"position\":\"absolute\",\"position_left\":\"54vw\",\"position_top\":\"-27vh\",\"position_z_index\":\"0\",\"visibility\":\"m\"}},{\"type\":\"image\",\"props\":{\"image\":\"wp-content\/uploads\/background-square-05.png\",\"image_loading\":true,\"image_svg_color\":\"emphasis\",\"image_width\":\"600\",\"margin_bottom\":\"default\",\"margin_top\":\"default\",\"position\":\"absolute\",\"position_left\":\"35vw\",\"position_top\":\"-550\",\"position_z_index\":\"0\",\"visibility\":\"s\"}}]}]}],\"name\":\"Hero\"},{\"type\":\"section\",\"props\":{\"image_position\":\"center-center\",\"padding_bottom\":\"none\",\"padding_top\":\"large\",\"style\":\"default\",\"title_breakpoint\":\"xl\",\"title_position\":\"top-left\",\"title_rotation\":\"left\",\"vertical_align\":\"\",\"width\":\"large\"},\"children\":[{\"type\":\"row\",\"props\":{\"margin_bottom\":\"remove\",\"margin_top\":\"xlarge\",\"width\":\"default\"},\"children\":[{\"type\":\"column\",\"props\":{\"image_position\":\"center-center\",\"position_sticky_breakpoint\":\"m\"},\"children\":[{\"type\":\"grid\",\"props\":{\"content_align\":true,\"content_column_breakpoint\":\"m\",\"content_margin\":\"medium\",\"filter_align\":\"left\",\"filter_all\":true,\"filter_grid_breakpoint\":\"m\",\"filter_grid_width\":\"auto\",\"filter_position\":\"top\",\"filter_style\":\"tab\",\"grid_default\":\"1\",\"grid_medium\":\"3\",\"grid_row_gap\":\"large\",\"grid_small\":\"2\",\"image_align\":\"top\",\"image_grid_breakpoint\":\"m\",\"image_grid_width\":\"1-2\",\"image_link\":true,\"image_svg_color\":\"emphasis\",\"image_width\":\"610\",\"item_animation\":true,\"lightbox\":true,\"lightbox_bg_close\":true,\"link_style\":\"text\",\"link_text\":\"\u00d6ffnen\",\"margin_bottom\":\"large\",\"margin_top\":\"large\",\"meta_align\":\"above-title\",\"meta_color\":\"muted\",\"meta_element\":\"div\",\"meta_style\":\"\",\"panel_content_width\":\"small\",\"panel_image_no_padding\":true,\"panel_link\":true,\"panel_link_hover\":\"true\",\"panel_padding\":\"default\",\"panel_style\":\"card-default\",\"parallax_easing\":\"1\",\"show_content\":true,\"show_hover_image\":true,\"show_hover_video\":true,\"show_image\":true,\"show_link\":true,\"show_meta\":true,\"show_title\":true,\"show_video\":true,\"text_align\":\"center\",\"title_align\":\"top\",\"title_element\":\"h2\",\"title_grid_breakpoint\":\"m\",\"title_grid_width\":\"1-2\",\"title_hover_style\":\"reset\",\"title_link\":true,\"title_style\":\"h4\"},\"children\":[{\"type\":\"grid_item\",\"props\":{\"image\":\"wp-content\/uploads\/2025\/09\/Feedback-als-Schluessel.jpg\",\"title\":\"Feedback als Schlu\u0308ssel\"}},{\"type\":\"grid_item\",\"props\":{\"image\":\"wp-content\/uploads\/2025\/09\/Schwierige-Gespraeche-fuehren.jpg\",\"title\":\"Schwierige Gespra\u0308che fu\u0308hren\"}},{\"type\":\"grid_item\",\"props\":{\"image\":\"wp-content\/uploads\/2025\/09\/Moderationstools.jpg\",\"title\":\"Moderationstools\"}},{\"type\":\"grid_item\",\"props\":{\"image\":\"wp-content\/uploads\/2025\/09\/Veraenderung-mit-Leichtigkeit.jpg\",\"title\":\"Vera\u0308nderung mit Leichtigkeit\"}},{\"type\":\"grid_item\",\"props\":{\"image\":\"wp-content\/uploads\/2025\/09\/Konfliktmoderation.jpg\",\"title\":\"Konfliktmoderation\"}},{\"type\":\"grid_item\",\"props\":{\"image\":\"wp-content\/uploads\/2025\/09\/Konfliktmoderation-FK.jpg\",\"title\":\"Konfliktmoderation FK\"}},{\"type\":\"grid_item\",\"props\":{\"image\":\"wp-content\/uploads\/2025\/09\/Wandel-Gestalten.jpg\",\"title\":\"Wandel Gestalten\"}},{\"type\":\"grid_item\",\"props\":{\"image\":\"wp-content\/uploads\/2025\/09\/Icebreaker.jpg\",\"title\":\"Icebreaker\"}},{\"type\":\"grid_item\",\"props\":{\"image\":\"wp-content\/uploads\/2025\/09\/Veraenderung-na-und.jpg\",\"title\":\"Vera\u0308nderung na und\"}},{\"type\":\"grid_item\",\"props\":{\"image\":\"wp-content\/uploads\/2025\/09\/Business-Media-Coaching.jpg\",\"title\":\"Business Media Coaching\"}},{\"type\":\"grid_item\",\"props\":{\"image\":\"wp-content\/uploads\/2025\/09\/Moderation-von-Veranstaltungen.jpg\",\"title\":\"Moderation von Veranstaltungen\"}},{\"type\":\"grid_item\",\"props\":{\"image\":\"wp-content\/uploads\/2025\/09\/Wandel-Gestalten-1.jpg\",\"title\":\"Wandel Gestalten - 1\"}},{\"type\":\"grid_item\",\"props\":{\"image\":\"wp-content\/uploads\/2025\/09\/Wandel-Gestalten-2.jpg\",\"title\":\"Wandel Gestalten-2\"}},{\"type\":\"grid_item\",\"props\":{\"image\":\"wp-content\/uploads\/2025\/09\/Wandel-Gestalten-3.jpg\",\"title\":\"Wandel Gestalten-3\"}},{\"type\":\"grid_item\",\"props\":{\"image\":\"wp-content\/uploads\/2025\/09\/Widerstand-zur-Wirksamkeit.jpg\",\"title\":\"Widerstand zur Wirksamkeit\"}},{\"type\":\"grid_item\",\"props\":{\"image\":\"wp-content\/uploads\/2025\/09\/CCC-Video.jpg\",\"title\":\"CCC Video\"}},{\"type\":\"grid_item\",\"props\":{\"image\":\"wp-content\/uploads\/2025\/09\/Elisabeth-Forstreiter-Infoblatt.jpg\",\"status\":\"disabled\",\"title\":\"Elisabeth Forstreiter Infoblatt\"}},{\"type\":\"grid_item\",\"props\":{\"image\":\"wp-content\/uploads\/2026\/01\/2026-Neuro-Leadership-fuer-Lehrlinge-QR.jpg\",\"title\":\"Neuro-Leadership f\u00fcr Lehrlinge\"}},{\"type\":\"grid_item\",\"props\":{\"image\":\"wp-content\/uploads\/2026\/01\/2026-Skill-Lab-fuer-Lehrlinge-QR.jpg\",\"title\":\"Skill-Lab f\u00fcr Lehrlinge\"}}]},{\"type\":\"divider\",\"props\":{\"divider_element\":\"hr\"}}]}]}],\"name\":\"Posts\",\"modified\":\"2021-03-09T14:21:34.160Z\"},{\"type\":\"section\",\"props\":{\"image_position\":\"center-center\",\"style\":\"default\",\"title_breakpoint\":\"xl\",\"title_position\":\"top-left\",\"title_rotation\":\"left\",\"vertical_align\":\"middle\",\"width\":\"default\"},\"children\":[{\"type\":\"row\",\"props\":{\"layout\":\"1-4,1-2,1-4\"},\"children\":[{\"type\":\"column\",\"props\":{\"image_position\":\"center-center\",\"position_sticky_breakpoint\":\"m\",\"width_medium\":\"1-4\"}},{\"type\":\"column\",\"props\":{\"image_position\":\"center-center\",\"position_sticky_breakpoint\":\"m\",\"width_medium\":\"1-2\"},\"children\":[{\"type\":\"panel\",\"props\":{\"content\":\"\",\"content_column_breakpoint\":\"m\",\"image_align\":\"top\",\"image_grid_breakpoint\":\"m\",\"image_grid_width\":\"1-2\",\"image_svg_color\":\"emphasis\",\"link\":\"was-wir-fuer-sie-tun\/\",\"link_style\":\"default\",\"link_text\":\"Bitte hier klicken\",\"margin_bottom\":\"default\",\"margin_top\":\"default\",\"meta_align\":\"below-title\",\"meta_element\":\"div\",\"meta_style\":\"text-meta\",\"panel_padding\":\"default\",\"panel_style\":\"card-default\",\"text_align\":\"center\",\"title\":\"Wenn\u00b4s mal <span class=\\\"uk-text-primary\\\">mehr sein<\/span> darf ?\",\"title_align\":\"top\",\"title_element\":\"h3\",\"title_grid_breakpoint\":\"m\",\"title_grid_width\":\"1-2\",\"title_hover_style\":\"reset\"}}]},{\"type\":\"column\",\"props\":{\"image_position\":\"center-center\",\"position_sticky_breakpoint\":\"m\",\"width_medium\":\"1-4\"}}]}],\"name\":\"St\u00f6rer\"},{\"type\":\"section\",\"props\":{\"image_position\":\"center-center\",\"status\":\"disabled\",\"style\":\"default\",\"title_breakpoint\":\"xl\",\"title_position\":\"top-left\",\"title_rotation\":\"left\",\"vertical_align\":\"middle\",\"width\":\"default\"},\"children\":[{\"type\":\"row\",\"children\":[{\"type\":\"column\",\"props\":{\"image_position\":\"center-center\",\"position_sticky_breakpoint\":\"m\"},\"children\":[{\"name\":\"Panel Content Columns Image Right\",\"type\":\"panel\",\"props\":{\"content\":\"\n\n<p class=\\\"p1\\\">Mit internationalem Hintergrund, langj\u00e4hriger Berufserfahrung in renommierten Unternehmen und fundierter akademischer Ausbildung bietet Mag. Elisabeth Forstreiter praxisnahe und inspirierende Workshops f\u00fcr F\u00fchrungskr\u00e4fte und Teams.<\/p>\n\n\\n\n\n<p class=\\\"p1\\\">Nach Stationen bei Siemens, der Wiener St\u00e4dtischen und der Bank Austria sowie Studien der Betriebswirtschaftslehre (WU Wien) und Sprachwissenschaften (Universit\u00e4t Wien) folgten spezialisierte Ausbildungen in Eventmanagement, Sprech- und Moderationstechnik sowie Coaching und Training.<\/p>\n\n\\n\n\n<p class=\\\"p1\\\">Heute begleitet sie F\u00fchrungskr\u00e4fte und Organisationen mit Leidenschaft, Fachwissen und Fingerspitzengef\u00fchl in Ver\u00e4nderungsprozessen und bei der Weiterentwicklung ihrer F\u00fchrungskompetenzen.<\/p>\n\n\",\"content_align\":true,\"content_column\":\"1-2\",\"content_column_breakpoint\":\"s\",\"content_dropcap\":true,\"content_margin\":\"medium\",\"image\":\"wp-content\/uploads\/2025\/03\/Forstreiter_Elisabeth.jpg\",\"image_align\":\"right\",\"image_border\":\"rounded\",\"image_box_decoration_inverse\":false,\"image_grid_breakpoint\":\"m\",\"image_grid_width\":\"1-4\",\"image_svg_color\":\"emphasis\",\"image_vertical_align\":true,\"image_width\":\"900\",\"link_margin\":\"medium\",\"link_style\":\"secondary\",\"link_text\":\"Read more\",\"margin_bottom\":\"default\",\"margin_top\":\"default\",\"meta\":\"KOMPETENZ. ERFAHRUNG. PERS\u00d6NLICHKEIT.\",\"meta_align\":\"above-title\",\"meta_color\":\"primary\",\"meta_element\":\"div\",\"meta_margin\":\"medium\",\"meta_style\":\"text-meta\",\"panel_image_no_padding\":true,\"text_align\":\"left\",\"title\":\"Mag. Elisabeth Forstreiter\",\"title_align\":\"top\",\"title_element\":\"h3\",\"title_grid_breakpoint\":\"m\",\"title_grid_width\":\"1-2\",\"title_hover_style\":\"reset\",\"title_style\":\"h1\"}},{\"type\":\"headline\",\"props\":{\"content\":\"Schwerpunkte\",\"image_align\":\"left\",\"image_margin\":\"xsmall\",\"position\":\"relative\",\"position_z_index\":\"3\",\"title_element\":\"h3\"}},{\"type\":\"list\",\"props\":{\"column_breakpoint\":\"m\",\"icon\":\"check\",\"image_align\":\"left\",\"image_svg_color\":\"emphasis\",\"image_vertical_align\":true,\"list_element\":\"ul\",\"list_horizontal_separator\":\", \",\"list_type\":\"vertical\",\"position\":\"relative\",\"position_z_index\":\"3\",\"show_image\":true,\"show_link\":true},\"children\":[{\"type\":\"list_item\",\"props\":{\"content\":\"Missionary Leadership &amp; charismatische F\u00fchrung\"}},{\"type\":\"list_item\",\"props\":{\"content\":\"Kommunikation & Konfliktmoderation\"}},{\"type\":\"list_item\",\"props\":{\"content\":\"Soft Skills & soziale Kompetenz im F\u00fchrungsalltag\"}},{\"type\":\"list_item\",\"props\":{\"content\":\"Gruppenmoderation\"}},{\"type\":\"list_item\",\"props\":{\"content\":\"Management-Klausuren & Team-Retreats\"}},{\"type\":\"list_item\",\"props\":{\"content\":\"F\u00fchren im Ehrenamt\"}},{\"type\":\"list_item\",\"props\":{\"content\":\"Change-Begleitung & Assessments\"}}]}]}]}]}],\"version\":\"5.0.7\"} --><\/p>\n","protected":false},"excerpt":{"rendered":"<p>Miniworkshops &#8211; Impulsvortr\u00e4ge Als Workshop oder Impulsvortrag. Vorort in Ihrem Unternehmen. Dauer von 90 Minuten bis zu 3 Stunden. Feedback als Schlu\u0308ssel Schwierige Gespra\u0308che fu\u0308hren Moderationstools Vera\u0308nderung mit Leichtigkeit Konfliktmoderation Konfliktmoderation FK Wandel Gestalten Icebreaker Vera\u0308nderung na und Business Media Coaching Moderation von Veranstaltungen Wandel Gestalten &#8211; 1 Wandel Gestalten-2 Wandel Gestalten-3 Widerstand zur Wirksamkeit [&hellip;]<\/p>\n","protected":false},"author":1,"featured_media":0,"parent":0,"menu_order":0,"comment_status":"closed","ping_status":"closed","template":"","meta":{"_seopress_robots_primary_cat":"","_seopress_titles_title":"","_seopress_titles_desc":"","_seopress_robots_index":"","footnotes":""},"class_list":["post-58532","page","type-page","status-publish","hentry"],"_links":{"self":[{"href":"https:\/\/forstreiter-consulting.com\/en\/wp-json\/wp\/v2\/pages\/58532","targetHints":{"allow":["GET"]}}],"collection":[{"href":"https:\/\/forstreiter-consulting.com\/en\/wp-json\/wp\/v2\/pages"}],"about":[{"href":"https:\/\/forstreiter-consulting.com\/en\/wp-json\/wp\/v2\/types\/page"}],"author":[{"embeddable":true,"href":"https:\/\/forstreiter-consulting.com\/en\/wp-json\/wp\/v2\/users\/1"}],"replies":[{"embeddable":true,"href":"https:\/\/forstreiter-consulting.com\/en\/wp-json\/wp\/v2\/comments?post=58532"}],"version-history":[{"count":5,"href":"https:\/\/forstreiter-consulting.com\/en\/wp-json\/wp\/v2\/pages\/58532\/revisions"}],"predecessor-version":[{"id":58667,"href":"https:\/\/forstreiter-consulting.com\/en\/wp-json\/wp\/v2\/pages\/58532\/revisions\/58667"}],"wp:attachment":[{"href":"https:\/\/forstreiter-consulting.com\/en\/wp-json\/wp\/v2\/media?parent=58532"}],"curies":[{"name":"wp","href":"https:\/\/api.w.org\/{rel}","templated":true}]}}